{"id":2937,"date":"2020-04-02T11:03:16","date_gmt":"2020-04-02T12:03:16","guid":{"rendered":"https:\/\/www.andreheller.com\/?page_id=2937"},"modified":"2021-08-23T13:54:36","modified_gmt":"2021-08-23T14:54:36","slug":"biographie","status":"publish","type":"page","link":"https:\/\/www.andreheller.com\/fr\/biographie\/","title":{"rendered":"Biographie"},"content":{"rendered":"<p>Andr\u00e9 Heller est n\u00e9 en 1947 \u00e0 Vienne. Il compte parmi les artistes multim\u00e9dia les plus connus du monde. Ses r\u00e9alisations comprennent des \u0153uvres florales, des chambres des merveilles, des publications en prose et des processions ainsi que le renouveau du cirque et du th\u00e9\u00e2tre de vari\u00e9t\u00e9s, des millions de microsillons vendus o\u00f9 il interpr\u00e8te ses propres chansons, de grandes sculptures volantes et flottantes, le parc d\u2019attraction avant-gardiste Luna Luna, des films, spectacles de feux et des labyrinthes ainsi que des pi\u00e8ces de th\u00e9\u00e2tre et des spectacles, des mises en sc\u00e8ne d\u2019op\u00e9ras et des spectacles qui enchantent leurs publics de l\u2019Europe jusqu\u2019au Japon, de l\u2019Inde jusqu\u2019\u00e0 la Chine, dans le monde arabe et de l\u2019Am\u00e9rique du sud jusqu\u2019\u00e0 l\u2019Afrique. Andr\u00e9 Heller vit \u00e0 Vienne, au Maroc et en voyage.<\/p>\n","protected":false},"excerpt":{"rendered":"<p>Andr\u00e9 Heller est n\u00e9 en 1947 \u00e0 Vienne. Il compte parmi les artistes &#8230;<\/p>\n","protected":false},"author":4,"featured_media":0,"parent":0,"menu_order":25,"comment_status":"closed","ping_status":"closed","template":"","meta":{"_acf_changed":false,"footnotes":""},"class_list":["post-2937","page","type-page","status-publish","hentry"],"acf":[],"_links":{"self":[{"href":"https:\/\/www.andreheller.com\/fr\/wp-json\/wp\/v2\/pages\/2937","targetHints":{"allow":["GET"]}}],"collection":[{"href":"https:\/\/www.andreheller.com\/fr\/wp-json\/wp\/v2\/pages"}],"about":[{"href":"https:\/\/www.andreheller.com\/fr\/wp-json\/wp\/v2\/types\/page"}],"author":[{"embeddable":true,"href":"https:\/\/www.andreheller.com\/fr\/wp-json\/wp\/v2\/users\/4"}],"replies":[{"embeddable":true,"href":"https:\/\/www.andreheller.com\/fr\/wp-json\/wp\/v2\/comments?post=2937"}],"version-history":[{"count":2,"href":"https:\/\/www.andreheller.com\/fr\/wp-json\/wp\/v2\/pages\/2937\/revisions"}],"predecessor-version":[{"id":3064,"href":"https:\/\/www.andreheller.com\/fr\/wp-json\/wp\/v2\/pages\/2937\/revisions\/3064"}],"wp:attachment":[{"href":"https:\/\/www.andreheller.com\/fr\/wp-json\/wp\/v2\/media?parent=2937"}],"curies":[{"name":"wp","href":"https:\/\/api.w.org\/{rel}","templated":true}]}}