{"id":1731,"date":"2020-04-02T08:33:20","date_gmt":"2020-04-02T09:33:20","guid":{"rendered":"https:\/\/www.andreheller.com\/?page_id=1731"},"modified":"2021-05-12T10:18:26","modified_gmt":"2021-05-12T11:18:26","slug":"filmographie","status":"publish","type":"page","link":"https:\/\/www.andreheller.com\/fr\/filmographie\/","title":{"rendered":"Filmographie"},"content":{"rendered":"<p>Menschenkinder &#8211; Gespr\u00e4chsreihe (2013-2016)<br \/>\nla coproduction Dor Film et ORF III<br \/>\nId\u00e9e et direction: Andr\u00e9 Heller<\/p>\n<p>saison 1:<br \/>\nAlfred Gusenbauer<br \/>\nErich Rietenauer<br \/>\nJohanna Maier<br \/>\nErika Pichler<br \/>\nProf. Dieter Stiefel<br \/>\nOscar Bronner<\/p>\n<p>saison 2:<br \/>\nBarbara Coudenhove-Kalergi<br \/>\nAndreas Englisch<br \/>\nWolf Wondratschek<br \/>\nMichael Haneke<br \/>\nMatthias Hartmann<br \/>\nDr. Asfa-Wossen Asserate<\/p>\n<p>saison 3:<br \/>\nKarl Blecha<br \/>\nGrischka Voss<br \/>\nMartin Weber<br \/>\nElfriede Ott<br \/>\nElke Heidenreich<br \/>\nConchita Wurst<br \/>\nJosef Winkler<br \/>\nIlija Trojanow<br \/>\nMax Gruber<br \/>\nHannes Androsch<\/p>\n<p>saison\u00a04:<\/p>\n<p>Sophie Freud<br \/>\nKarlheinz Essl Senior<br \/>\nErwin Pr\u00f6ll<br \/>\nJosef Hader<br \/>\nSepp Forcher<br \/>\nPeter Fabjan<br \/>\nBrigitte Kwizda-Gredler<br \/>\nHelga Rabl-Stadler<\/p>\n<p>saison\u00a05:<\/p>\n<p>Hans Menasse<br \/>\nXenia Hausner<br \/>\nArmin Thurnher<br \/>\nChristoph Ransmayr<br \/>\nHenriette von Bohlen und Halbach<br \/>\nElina Garanca<br \/>\nPhilipp Blom<br \/>\nAdele Neuhauser<\/p>\n<p>saison\u00a06:<\/p>\n<p>Erika Pluhar<br \/>\nChristian Konrad<br \/>\nAndrea Breth<br \/>\nArnulf Rainer<br \/>\nArmin Wolf<br \/>\nHans Magnus Enzensberger<br \/>\nMarcel Hirscher<br \/>\nMichael Heltau<\/p>\n<p>&nbsp;<\/p>\n<p>\u2014<br \/>\nGrabgeschichten \u2014 Andr\u00e9 Heller und Dirk Stermann besuchen den Hietzinger Friedhof (2012)<br \/>\nId\u00e9e: Andr\u00e9 Heller<br \/>\nla\u00a0r\u00e9gie: Lukas Sturm und Andr\u00e9 Heller<br \/>\n\u2014<br \/>\nQualtinger (2011)<br \/>\nAndr\u00e9 Hellers Filmportr\u00e4t \u00fcber Helmut Qualtinger<br \/>\nen\u00a0coop\u00e9ration\u00a0avec Klaus Hundsbichler<br \/>\n\u2014<br \/>\nScheitern, scheitern, besser scheitern (2010)<br \/>\nGespr\u00e4chsfilm zwischen Gert Voss und Harald Schmidt<br \/>\nId\u00e9e: Andr\u00e9 Heller<br \/>\nla\u00a0r\u00e9gie: Lukas Sturm und Andr\u00e9 Heller<br \/>\n\u2014<br \/>\nDie Alptr\u00e4ume des Franz Beckenbauer (2006)<br \/>\nFilm f\u00fcr die Endbewerbung Deutschlands zur FIFA-Fu\u00dfball WM<br \/>\nId\u00e9e et direction artistique g\u00e9n\u00e9rale: Andr\u00e9 Heller<br \/>\nla\u00a0r\u00e9gie: Lukas Sturm<br \/>\n\u2014<br \/>\nIch leb\u2019 allein in meinem Himmel, in meinem Lieben,<br \/>\nin meinem Lied. Portrait Jessye Norman. (2005)<br \/>\nEine Hommage an Jessye Norman<br \/>\nId\u00e9e, sc\u00e9nario et r\u00e9alisation: Andr\u00e9 Heller<br \/>\nla\u00a0r\u00e9gie: Othmar Schmiderer und Andr\u00e9 Heller<br \/>\n\u2014<br \/>\nIm toten Winkel. Hitlers Sekret\u00e4rin. (2002)<br \/>\nDie Lebensbeichte von Traudl Junge<br \/>\nId\u00e9e et entretien: Andr\u00e9 Heller<br \/>\nla\u00a0r\u00e9gie: Andr\u00e9 Heller und Othmar Schmiderer<br \/>\n\u2014<br \/>\nIm Herzen des Lichts. Die Nacht der Primadonnen. (2002)<br \/>\nId\u00e9e, sc\u00e9nario et r\u00e9alisation: Andr\u00e9 Heller<br \/>\nla\u00a0r\u00e9gie: Pepe Danquart<br \/>\n\u2014<br \/>\nStimmen Gottes (1999)<br \/>\nId\u00e9e et direction: Andr\u00e9 Heller<br \/>\nla\u00a0r\u00e9gie: Felix Breisach<br \/>\n\u2014<br \/>\nJagmandir (1991)<br \/>\nDocumentation du Andr\u00e9 Heller Projet<br \/>\nJagmandir, das exzentrische Privattheater des Maharana von Udaipur<br \/>\nla\u00a0r\u00e9gie: Werner Herzog<br \/>\n\u2014<br \/>\nMenschen am Zentral (1979)<br \/>\nDokumentation \u00fcber die Bewohner und G\u00e4ste des Wiener Zentralfriedhofes<br \/>\nId\u00e9e et direction: Andr\u00e9 Heller<br \/>\n\u2014<br \/>\nDie D\u00e4mmerung der Sehnsucht (1975)<br \/>\nId\u00e9e et livre: Andr\u00e9 Heller und Peter Hajek<br \/>\nla\u00a0r\u00e9gie: Peter Hajek<br \/>\n\u2014<br \/>\nDie wahren Abenteuer sind im Kopf (1973)<br \/>\nEine filmische Revue<br \/>\nId\u00e9e, livre, \u00e9quipement et acteur principal: Andr\u00e9 Heller<br \/>\nla\u00a0r\u00e9gie: Jana Markova<br \/>\n\u2014<br \/>\nWer war Andr\u00e9 Heller (1972)<br \/>\nEin Nachruf zu Lebzeiten<br \/>\nId\u00e9e et livre: Andr\u00e9 Heller und Peter Hajek<br \/>\nla\u00a0r\u00e9gie: Peter Hajek<\/p>\n<p>Schauspieler<br \/>\n\u2014<br \/>\nFr\u00fchlingssinfonie (1983)<br \/>\nla\u00a0r\u00e9gie: Peter Schamoni<br \/>\n\u2014<br \/>\nDas Gold der Liebe (1983)<br \/>\nla\u00a0r\u00e9gie: Eckhart Schmidt<br \/>\n\u2014<br \/>\nDoktor Faustus (1982)<br \/>\nla\u00a0r\u00e9gie: Johannes Schaaf<br \/>\n\u2014<br \/>\nAgonie Anatol (1981)<br \/>\nla\u00a0r\u00e9gie: Hans Hollmann<br \/>\n\u2014<br \/>\nF\u00fcrchte Dich nicht, Jakob! (1981)<br \/>\nla\u00a0r\u00e9gie: Radu Gabrea<br \/>\n\u2014<br \/>\nGeschichten aus dem Wienerwald (1979)<br \/>\nla\u00a0r\u00e9gie: Maximilian Schell<br \/>\n\u2014<br \/>\nHitler \u2014 ein Film aus Deutschland (1977)<br \/>\nTeil III von die Karl May Trilogie<br \/>\nla\u00a0r\u00e9gie: Hans-J\u00fcrgen Syberberg<br \/>\n\u2014<br \/>\nDas weite Land (1970)<br \/>\nla r\u00e9gie: Peter Beauvais\u00a0<!--:--><!--:en-->Menschenkinder &#8211; Gespr\u00e4chsreihe (2013-2016)<br \/>\nCoproduction Dor Film and ORF III<br \/>\nId\u00e9e et direction: Andr\u00e9 Heller<\/p>\n","protected":false},"excerpt":{"rendered":"<p>Menschenkinder &#8211; Gespr\u00e4chsreihe (2013-2016) la coproduction Dor Film et ORF III Id\u00e9e et &#8230;<\/p>\n","protected":false},"author":4,"featured_media":0,"parent":0,"menu_order":16,"comment_status":"closed","ping_status":"closed","template":"","meta":{"_acf_changed":false,"footnotes":""},"class_list":["post-1731","page","type-page","status-publish","hentry"],"acf":[],"_links":{"self":[{"href":"https:\/\/www.andreheller.com\/fr\/wp-json\/wp\/v2\/pages\/1731","targetHints":{"allow":["GET"]}}],"collection":[{"href":"https:\/\/www.andreheller.com\/fr\/wp-json\/wp\/v2\/pages"}],"about":[{"href":"https:\/\/www.andreheller.com\/fr\/wp-json\/wp\/v2\/types\/page"}],"author":[{"embeddable":true,"href":"https:\/\/www.andreheller.com\/fr\/wp-json\/wp\/v2\/users\/4"}],"replies":[{"embeddable":true,"href":"https:\/\/www.andreheller.com\/fr\/wp-json\/wp\/v2\/comments?post=1731"}],"version-history":[{"count":4,"href":"https:\/\/www.andreheller.com\/fr\/wp-json\/wp\/v2\/pages\/1731\/revisions"}],"predecessor-version":[{"id":3053,"href":"https:\/\/www.andreheller.com\/fr\/wp-json\/wp\/v2\/pages\/1731\/revisions\/3053"}],"wp:attachment":[{"href":"https:\/\/www.andreheller.com\/fr\/wp-json\/wp\/v2\/media?parent=1731"}],"curies":[{"name":"wp","href":"https:\/\/api.w.org\/{rel}","templated":true}]}}