{"id":1701,"date":"2020-04-02T08:29:07","date_gmt":"2020-04-02T09:29:07","guid":{"rendered":"https:\/\/www.andreheller.com\/?page_id=1701"},"modified":"2024-01-30T10:38:35","modified_gmt":"2024-01-30T11:38:35","slug":"news","status":"publish","type":"page","link":"https:\/\/www.andreheller.com\/fr\/news\/","title":{"rendered":"News"},"content":{"rendered":"<h2><\/h2>\n<p><strong>Andr\u00e9 Heller organise une semaine d&rsquo;\u00e9merveillement \u00e0 l&rsquo;Elbphilharmonie de Hambourg<\/strong><\/p>\n<p>Samedi, 16 mars 2024 &#8211; Dimanche, 24 mars 2024<\/p>\n<p><a href=\"https:\/\/www.elbphilharmonie.de\/en\/festivals\/reflektor-andre-heller\/1011\">Reflektor Andr\u00e9 Heller<\/a><\/p>\n<p>&nbsp;<\/p>\n<p><strong>La nouvelle \u00e9dition du premier roman d&rsquo;Andr\u00e9 Heller, \u00ab\u00a0Schattentaucher\u00a0\u00bb, sera publi\u00e9e par <a href=\"https:\/\/www.hanser-literaturverlage.de\/buch\/andre-heller-schattentaucher-9783552073555-t-5237\">Zsolnay<\/a> en f\u00e9vrier 2024.<\/strong><\/p>\n<p>&nbsp;<\/p>\n","protected":false},"excerpt":{"rendered":"<p>Andr\u00e9 Heller organise une semaine d&rsquo;\u00e9merveillement \u00e0 l&rsquo;Elbphilharmonie de Hambourg Samedi, 16 mars &#8230;<\/p>\n","protected":false},"author":4,"featured_media":0,"parent":0,"menu_order":8,"comment_status":"closed","ping_status":"closed","template":"","meta":{"_acf_changed":false,"footnotes":""},"class_list":["post-1701","page","type-page","status-publish","hentry"],"acf":[],"_links":{"self":[{"href":"https:\/\/www.andreheller.com\/fr\/wp-json\/wp\/v2\/pages\/1701","targetHints":{"allow":["GET"]}}],"collection":[{"href":"https:\/\/www.andreheller.com\/fr\/wp-json\/wp\/v2\/pages"}],"about":[{"href":"https:\/\/www.andreheller.com\/fr\/wp-json\/wp\/v2\/types\/page"}],"author":[{"embeddable":true,"href":"https:\/\/www.andreheller.com\/fr\/wp-json\/wp\/v2\/users\/4"}],"replies":[{"embeddable":true,"href":"https:\/\/www.andreheller.com\/fr\/wp-json\/wp\/v2\/comments?post=1701"}],"version-history":[{"count":7,"href":"https:\/\/www.andreheller.com\/fr\/wp-json\/wp\/v2\/pages\/1701\/revisions"}],"predecessor-version":[{"id":3930,"href":"https:\/\/www.andreheller.com\/fr\/wp-json\/wp\/v2\/pages\/1701\/revisions\/3930"}],"wp:attachment":[{"href":"https:\/\/www.andreheller.com\/fr\/wp-json\/wp\/v2\/media?parent=1701"}],"curies":[{"name":"wp","href":"https:\/\/api.w.org\/{rel}","templated":true}]}}