{"id":2923,"date":"2020-04-02T10:52:44","date_gmt":"2020-04-02T11:52:44","guid":{"rendered":"https:\/\/www.andreheller.com\/?page_id=2923"},"modified":"2021-05-11T08:44:07","modified_gmt":"2021-05-11T09:44:07","slug":"imprint","status":"publish","type":"page","link":"https:\/\/www.andreheller.com\/en\/imprint\/","title":{"rendered":"Imprint"},"content":{"rendered":"<p>Offenlegung gem\u00e4\u00df \u00a7 5 E-Commerce-Gesetz und \u00a7 25 (4) Mediengesetz:<\/p>\n<p>Firmenwortlaut und Website-Betreiberin:<br \/>\nB\u00fcro Andr\u00e9 Heller GmbH, FN 294596 f<br \/>\nFranziskanerplatz 6\/11, 1010 Wien, \u00d6sterreich<\/p>\n<p>Kontakt:<br \/>\n<a href=\"mailto:office@buero-andreheller.com\">office@buero-andreheller.com<\/a><\/p>\n<p>Website:<br \/>\n<a href=\"https:\/\/www.andreheller.com\" target=\"_blank\" rel=\"noopener noreferrer\">www.andreheller.com<\/a><\/p>\n<p>Telefon:<br \/>\n+43 (0) 1 532 87 53<\/p>\n<p>Firmenbuchgericht: Handelsgericht Wien<br \/>\nUID: ATU 63517046<\/p>\n<p>T\u00e4tigkeitsbereich:<br \/>\nKunst- und Kulturmanagement; Entwicklung und Vermarktung von k\u00fcnstlerischen und kulturellen Projekten[:en]Offenlegung gem\u00e4\u00df \u00a7 5 E-Commerce-Gesetz und \u00a7 25 (4) Mediengesetz:<\/p>\n<p>&nbsp;<\/p>\n","protected":false},"excerpt":{"rendered":"<p>Offenlegung gem\u00e4\u00df \u00a7 5 E-Commerce-Gesetz und \u00a7 25 (4) Mediengesetz: Firmenwortlaut und Website-Betreiberin: &#8230;<\/p>\n","protected":false},"author":4,"featured_media":0,"parent":0,"menu_order":2,"comment_status":"closed","ping_status":"closed","template":"","meta":{"_acf_changed":false,"footnotes":""},"class_list":["post-2923","page","type-page","status-publish","hentry"],"acf":[],"_links":{"self":[{"href":"https:\/\/www.andreheller.com\/en\/wp-json\/wp\/v2\/pages\/2923","targetHints":{"allow":["GET"]}}],"collection":[{"href":"https:\/\/www.andreheller.com\/en\/wp-json\/wp\/v2\/pages"}],"about":[{"href":"https:\/\/www.andreheller.com\/en\/wp-json\/wp\/v2\/types\/page"}],"author":[{"embeddable":true,"href":"https:\/\/www.andreheller.com\/en\/wp-json\/wp\/v2\/users\/4"}],"replies":[{"embeddable":true,"href":"https:\/\/www.andreheller.com\/en\/wp-json\/wp\/v2\/comments?post=2923"}],"version-history":[{"count":3,"href":"https:\/\/www.andreheller.com\/en\/wp-json\/wp\/v2\/pages\/2923\/revisions"}],"predecessor-version":[{"id":3035,"href":"https:\/\/www.andreheller.com\/en\/wp-json\/wp\/v2\/pages\/2923\/revisions\/3035"}],"wp:attachment":[{"href":"https:\/\/www.andreheller.com\/en\/wp-json\/wp\/v2\/media?parent=2923"}],"curies":[{"name":"wp","href":"https:\/\/api.w.org\/{rel}","templated":true}]}}